{"id":517,"date":"2017-12-15T20:45:06","date_gmt":"2017-12-15T20:45:06","guid":{"rendered":"https:\/\/www.aventuratourvan.com\/inicio\/?page_id=517"},"modified":"2018-01-22T17:21:13","modified_gmt":"2018-01-22T22:21:13","slug":"cotiza","status":"publish","type":"page","link":"https:\/\/www.aventuratourvan.com\/inicio\/cotiza\/","title":{"rendered":"Cotizar"},"content":{"rendered":"<p>[et_pb_section bb_built=\u00bb1&#8243; _builder_version=\u00bb3.0.97&#8243; background_image=\u00bbhttps:\/\/www.aventuratourvan.com\/inicio\/wp-content\/uploads\/2017\/12\/Cuenca.jpg\u00bb custom_padding=\u00bb52.4375px|0px|52px|0px\u00bb][et_pb_row custom_padding=\u00bb26.2188px|50px|26.2188px|50px\u00bb background_color=\u00bbrgba(0,0,0,0.45)\u00bb _builder_version=\u00bb3.0.92&#8243; background_size=\u00bbinitial\u00bb background_position=\u00bbtop_left\u00bb background_repeat=\u00bbrepeat\u00bb saved_tabs=\u00bball\u00bb global_module=\u00bb1593&#8243;][et_pb_column type=\u00bb4_4&#8243;][et_pb_contact_form global_parent=\u00bb1593&#8243; captcha=\u00bboff\u00bb email=\u00bbventas@aventuratourvan.com\u00bb title=\u00bbCotizar\u00bb custom_message=\u00bbNombre del cliente: %%name%%.||et_pb_line_break_holder||C\u00e9dula o Ruc: %%cedula%%||et_pb_line_break_holder||Direcci\u00f3n: %%dir_dom%%||et_pb_line_break_holder||Tel\u00e9fono\/Celular: %%celular%%.||et_pb_line_break_holder||Lugar de Salida: %%destino_sal%%||et_pb_line_break_holder||Lugar de LLegada: %%destino_lleg%%||et_pb_line_break_holder||Fecha de Salida: %%fecha_sal%%||et_pb_line_break_holder||Fecha de Retorno: %%fecha_ret%%.||et_pb_line_break_holder||N\u00famero de Personas: %%num_per%%||et_pb_line_break_holder||N\u00famero de D\u00edas: %%num_dia%%||et_pb_line_break_holder||Veh\u00edculo Elegido: %%vehiculo%% %%vehiculo1%% %%vehiculo2%% %%vehiculo3%% %%vehiculo4%%\u00bb module_id=\u00bbet_pb_contact_form_0&#8243; _builder_version=\u00bb3.0.97&#8243; title_text_align=\u00bbcenter\u00bb title_font_size=\u00bb30px\u00bb title_text_color=\u00bb#ffffff\u00bb form_field_text_color=\u00bbrgba(137,32,0,0.92)\u00bb text_orientation=\u00bbleft\u00bb custom_button=\u00bbon\u00bb button_text_color=\u00bb#e09900&#8243; button_border_color=\u00bb#e09900&#8243; custom_css_main_element=\u00bbcolor: #fff;\u00bb use_redirect=\u00bboff\u00bb button_icon_placement=\u00bbright\u00bb][et_pb_contact_field field_id=\u00bbName\u00bb field_title=\u00bbNombre y Apellido\u00bb _builder_version=\u00bb3.0.93&#8243; border_radii=\u00bbon||||\u00bb][\/et_pb_contact_field][et_pb_contact_field field_id=\u00bbcedula\u00bb field_title=\u00bbCedula \/ Ruc\u00bb min_length=\u00bb10&#8243; max_length=\u00bb15&#8243; allowed_symbols=\u00bbnumbers\u00bb _builder_version=\u00bb3.0.92&#8243; form_field_font=\u00bb||||||||\u00bb][\/et_pb_contact_field][et_pb_contact_field field_id=\u00bbdir_dom\u00bb field_title=\u00bbDirecci\u00f3n\u00bb _builder_version=\u00bb3.0.93&#8243;][\/et_pb_contact_field][et_pb_contact_field field_id=\u00bbcelular\u00bb field_title=\u00bbTelefono \/ Celular\u00bb max_length=\u00bb13&#8243; allowed_symbols=\u00bbnumbers\u00bb required_mark=\u00bboff\u00bb _builder_version=\u00bb3.0.93&#8243;][\/et_pb_contact_field][et_pb_contact_field field_id=\u00bbdestino_sal\u00bb field_title=\u00bbLugar de Salida\u00bb _builder_version=\u00bb3.0.93&#8243;][\/et_pb_contact_field][et_pb_contact_field field_id=\u00bbdestino_lleg\u00bb field_title=\u00bbLugar de LLegada\u00bb _builder_version=\u00bb3.0.93&#8243;][\/et_pb_contact_field][et_pb_contact_field field_id=\u00bbfecha_sal\u00bb field_title=\u00bbFecha Salida &#8211; DD\/MM\/AA\u00bb _builder_version=\u00bb3.0.97&#8243; form_field_font=\u00bb||||||||\u00bb][\/et_pb_contact_field][et_pb_contact_field field_id=\u00bbfecha_ret\u00bb field_title=\u00bbFecha Retorno &#8211; DD\/MM\/AA\u00bb _builder_version=\u00bb3.0.97&#8243; form_field_font=\u00bb||||||||\u00bb][\/et_pb_contact_field][et_pb_contact_field field_id=\u00bbnum_per\u00bb field_title=\u00bbN\u00famero de Personas\u00bb field_type=\u00bbselect\u00bb select_options=\u00bb%91{%22value%22:%221 &#8211; 7%22,%22checked%22:0,%22dragID%22:0},{%22value%22:%221 &#8211; 13%22,%22checked%22:0,%22dragID%22:1},{%22value%22:%221 &#8211; 20%22,%22checked%22:0,%22dragID%22:2},{%22value%22:%221 &#8211; 34%22,%22checked%22:0,%22dragID%22:4},{%22value%22:%221 &#8211; 42%22,%22checked%22:0,%22dragID%22:5}%93&#8243; _builder_version=\u00bb3.0.97&#8243; form_field_font=\u00bb||||||||\u00bb][\/et_pb_contact_field][et_pb_contact_field field_id=\u00bbnum_dia\u00bb field_title=\u00bbN\u00famero de D\u00edas\u00bb field_type=\u00bbselect\u00bb select_options=\u00bb%91{%22value%22:%221 %22,%22checked%22:0,%22dragID%22:0},{%22value%22:%222%22,%22checked%22:0,%22dragID%22:1},{%22value%22:%223%22,%22checked%22:0,%22dragID%22:2},{%22value%22:%224%22,%22checked%22:0,%22dragID%22:3},{%22value%22:%225%22,%22checked%22:0,%22dragID%22:4},{%22value%22:%226%22,%22checked%22:0,%22dragID%22:5},{%22value%22:%227%22,%22checked%22:0,%22dragID%22:6},{%22value%22:%228%22,%22checked%22:0,%22dragID%22:7},{%22value%22:%229%22,%22checked%22:0,%22dragID%22:8},{%22value%22:%2210%22,%22checked%22:0,%22dragID%22:9},{%22value%22:%2211%22,%22checked%22:0,%22dragID%22:10},{%22value%22:%2212%22,%22checked%22:0,%22dragID%22:11},{%22value%22:%2213%22,%22checked%22:0,%22dragID%22:12},{%22value%22:%2214%22,%22checked%22:0,%22dragID%22:13},{%22value%22:%2215%22,%22checked%22:0,%22dragID%22:14}%93&#8243; _builder_version=\u00bb3.0.97&#8243; form_field_font=\u00bb||||||||\u00bb][\/et_pb_contact_field][et_pb_contact_field field_id=\u00bbvehiculo\u00bb field_title=\u00bbElige tu Veh\u00edculo\u00bb field_type=\u00bbselect\u00bb select_options=\u00bb%91{%22value%22:%22MiniVan H1 7-Pasajeros%22,%22checked%22:0,%22dragID%22:0},{%22value%22:%22Furgoneta 13-Pasajeros%22,%22checked%22:0,%22dragID%22:1},{%22value%22:%22Furgoneta 20-Pasajeros%22,%22checked%22:0,%22dragID%22:2},{%22value%22:%22Bus 34-Pasajeros%22,%22checked%22:0,%22dragID%22:3},{%22value%22:%22Bus 42-Pasajeros%22,%22checked%22:0,%22dragID%22:4}%93&#8243; conditional_logic=\u00bbon\u00bb conditional_logic_rules=\u00bb%91{%22field%22:%22num_per%22,%22condition%22:%22is%22,%22value%22:%221 &#8211; 7%22}%93&#8243; _builder_version=\u00bb3.0.97&#8243;][\/et_pb_contact_field][et_pb_contact_field field_id=\u00bbvehiculo1&#8243; field_title=\u00bbElige tu Veh\u00edculo\u00bb field_type=\u00bbselect\u00bb select_options=\u00bb%91{%22value%22:%22Furgoneta 13-Pasajeros%22,%22checked%22:0,%22dragID%22:1},{%22value%22:%22Furgoneta 20-Pasajeros%22,%22checked%22:0,%22dragID%22:2},{%22value%22:%22Bus 34-Pasajeros%22,%22checked%22:0,%22dragID%22:3},{%22value%22:%22Bus 42-Pasajeros%22,%22checked%22:0,%22dragID%22:4}%93&#8243; conditional_logic=\u00bbon\u00bb conditional_logic_rules=\u00bb%91{%22field%22:%22num_per%22,%22condition%22:%22is%22,%22value%22:%221 &#8211; 13%22}%93&#8243; _builder_version=\u00bb3.0.97&#8243;][\/et_pb_contact_field][et_pb_contact_field field_id=\u00bbvehiculo2&#8243; field_title=\u00bbElige tu Veh\u00edculo\u00bb field_type=\u00bbselect\u00bb select_options=\u00bb%91{%22value%22:%22Furgoneta 20-Pasajeros%22,%22checked%22:0,%22dragID%22:1},{%22value%22:%22Bus 34-Pasajeros%22,%22checked%22:0,%22dragID%22:2},{%22value%22:%22Bus 42-Pasajeros%22,%22checked%22:0,%22dragID%22:3}%93&#8243; conditional_logic=\u00bbon\u00bb conditional_logic_rules=\u00bb%91{%22field%22:%22num_per%22,%22condition%22:%22is%22,%22value%22:%221 &#8211; 20%22}%93&#8243; _builder_version=\u00bb3.0.97&#8243;][\/et_pb_contact_field][et_pb_contact_field field_id=\u00bbvehiculo3&#8243; field_title=\u00bbElige tu Veh\u00edculo\u00bb field_type=\u00bbselect\u00bb select_options=\u00bb%91{%22value%22:%22Bus 34-Pasajeros%22,%22checked%22:0,%22dragID%22:1},{%22value%22:%22Bus 42-Pasajeros%22,%22checked%22:0,%22dragID%22:2}%93&#8243; conditional_logic=\u00bbon\u00bb conditional_logic_rules=\u00bb%91{%22field%22:%22num_per%22,%22condition%22:%22is%22,%22value%22:%221 &#8211; 34%22}%93&#8243; _builder_version=\u00bb3.0.97&#8243;][\/et_pb_contact_field][et_pb_contact_field field_id=\u00bbvehiculo4&#8243; field_title=\u00bbElige tu Veh\u00edculo\u00bb field_type=\u00bbselect\u00bb select_options=\u00bb%91{%22value%22:%22Bus 42-Pasajeros%22,%22checked%22:0,%22dragID%22:1}%93&#8243; conditional_logic=\u00bbon\u00bb conditional_logic_rules=\u00bb%91{%22field%22:%22num_per%22,%22condition%22:%22is%22,%22value%22:%221 &#8211; 42%22}%93&#8243; _builder_version=\u00bb3.0.97&#8243;][\/et_pb_contact_field][\/et_pb_contact_form][\/et_pb_column][\/et_pb_row][\/et_pb_section]<\/p>\n","protected":false},"excerpt":{"rendered":"","protected":false},"author":1,"featured_media":0,"parent":0,"menu_order":0,"comment_status":"closed","ping_status":"closed","template":"","meta":{"_et_pb_use_builder":"on","_et_pb_old_content":"","_et_gb_content_width":"","footnotes":""},"_links":{"self":[{"href":"https:\/\/www.aventuratourvan.com\/inicio\/wp-json\/wp\/v2\/pages\/517"}],"collection":[{"href":"https:\/\/www.aventuratourvan.com\/inicio\/wp-json\/wp\/v2\/pages"}],"about":[{"href":"https:\/\/www.aventuratourvan.com\/inicio\/wp-json\/wp\/v2\/types\/page"}],"author":[{"embeddable":true,"href":"https:\/\/www.aventuratourvan.com\/inicio\/wp-json\/wp\/v2\/users\/1"}],"replies":[{"embeddable":true,"href":"https:\/\/www.aventuratourvan.com\/inicio\/wp-json\/wp\/v2\/comments?post=517"}],"version-history":[{"count":37,"href":"https:\/\/www.aventuratourvan.com\/inicio\/wp-json\/wp\/v2\/pages\/517\/revisions"}],"predecessor-version":[{"id":2057,"href":"https:\/\/www.aventuratourvan.com\/inicio\/wp-json\/wp\/v2\/pages\/517\/revisions\/2057"}],"wp:attachment":[{"href":"https:\/\/www.aventuratourvan.com\/inicio\/wp-json\/wp\/v2\/media?parent=517"}],"curies":[{"name":"wp","href":"https:\/\/api.w.org\/{rel}","templated":true}]}}