{"id":264,"date":"2017-12-08T20:06:29","date_gmt":"2017-12-08T20:06:29","guid":{"rendered":"https:\/\/www.aventuratourvan.com\/inicio\/?page_id=264"},"modified":"2018-01-10T17:03:36","modified_gmt":"2018-01-10T17:03:36","slug":"informacion","status":"publish","type":"page","link":"https:\/\/www.aventuratourvan.com\/inicio\/informacion\/","title":{"rendered":"Informaci\u00f3n"},"content":{"rendered":"<p>[et_pb_section fb_built=\u00bb1&#8243; _builder_version=\u00bb3.0.47&#8243;][et_pb_row make_fullwidth=\u00bbon\u00bb _builder_version=\u00bb3.0.90&#8243; background_size=\u00bbinitial\u00bb background_position=\u00bbtop_left\u00bb background_repeat=\u00bbrepeat\u00bb][et_pb_column type=\u00bb2_3&#8243; _builder_version=\u00bb3.0.47&#8243; parallax=\u00bboff\u00bb parallax_method=\u00bbon\u00bb][et_pb_text _builder_version=\u00bb3.0.90&#8243; text_font=\u00bb|700||||on|||\u00bb text_font_size=\u00bb28px\u00bb text_text_color=\u00bb#e09900&#8243; text_text_shadow_style=\u00bbpreset3&#8243; text_text_shadow_horizontal_length=\u00bb0.29em\u00bb text_orientation=\u00bbcenter\u00bb]<\/p>\n<p>Rese\u00f1a Hist\u00f3rica<\/p>\n<p>[\/et_pb_text][et_pb_text _builder_version=\u00bb3.0.93&#8243; text_font=\u00bb||||||||\u00bb text_orientation=\u00bbjustified\u00bb]<\/p>\n<p style=\"text-align: justify;\">Empezamos en el a\u00f1o de 1993 con el traslado de estudiantes japoneses que llegaban para aprender espa\u00f1ol y profesionalizarse en nuestro pa\u00eds, estos grupos se llamaban JICA; posteriormente trasladamos a grupos de estudiantes norteamericanos que llegaban a Cuenca a aprender el espa\u00f1ol, escogieron esta ciudad por ser\u00a0tranquila, por la calidez y cultura de su gente. Empezamos con una furgoneta con capacidad para 16 personas en ella recorrimos todo el Ecuador; poco a poco hemos ido creciendo transportando a turistas, familias, artistas de renombre internacional y a diferentes mandatarios y figuras emblem\u00e1ticas de nuestro pa\u00eds.<\/p>\n<p style=\"text-align: justify;\">Hoy contamos con 14 modernas unidades, siempre apegados a est\u00e1ndares internacionales, han transcurrido 21 a\u00f1os y seguimos sirviendo a nuestros clientes incluso a los estudiantes norteamericanos de la universidad de Agustana, con quienes iniciamos este proyecto.<\/p>\n<p style=\"text-align: justify;\">Actualmente somos reconocidos en el medio tur\u00edstico como una empresa de transporte profesionalizado, nos hemos convertido en un referente en estos 21 a\u00f1os de servicio de los cuales tenemos diez de vida jur\u00eddica como una empresa legalmente constituida y continuamos brindando servicios diferenciados y de calidad en cada viaje realizado.<\/p>\n<p>[\/et_pb_text][\/et_pb_column][et_pb_column type=\u00bb1_3&#8243; _builder_version=\u00bb3.0.47&#8243; parallax=\u00bboff\u00bb parallax_method=\u00bbon\u00bb][et_pb_slider _builder_version=\u00bb3.0.93&#8243; auto=\u00bbon\u00bb][et_pb_slide use_bg_overlay=\u00bboff\u00bb use_text_overlay=\u00bboff\u00bb _builder_version=\u00bb3.0.93&#8243; background_image=\u00bbhttps:\/\/www.aventuratourvan.com\/inicio\/wp-content\/uploads\/2018\/01\/WhatsApp-Image-2018-01-09-at-08.29.36.jpeg\u00bb custom_css_main_element=\u00bbheight: 375px;\u00bb background_color=\u00bb#ffffff\u00bb][\/et_pb_slide][et_pb_slide use_bg_overlay=\u00bboff\u00bb use_text_overlay=\u00bboff\u00bb _builder_version=\u00bb3.0.93&#8243; background_image=\u00bbhttps:\/\/www.aventuratourvan.com\/inicio\/wp-content\/uploads\/2018\/01\/WhatsApp-Image-2018-01-09-at-08.40.02.jpeg\u00bb custom_css_main_element=\u00bbheight: 375px;\u00bb background_color=\u00bb#ffffff\u00bb][\/et_pb_slide][et_pb_slide use_bg_overlay=\u00bboff\u00bb use_text_overlay=\u00bboff\u00bb _builder_version=\u00bb3.0.93&#8243; background_image=\u00bbhttps:\/\/www.aventuratourvan.com\/inicio\/wp-content\/uploads\/2018\/01\/WhatsApp-Image-2018-01-09-at-08.35.24.jpeg\u00bb custom_css_main_element=\u00bbheight: 375px;\u00bb background_color=\u00bb#ffffff\u00bb][\/et_pb_slide][et_pb_slide use_bg_overlay=\u00bboff\u00bb use_text_overlay=\u00bboff\u00bb _builder_version=\u00bb3.0.93&#8243; background_image=\u00bbhttps:\/\/www.aventuratourvan.com\/inicio\/wp-content\/uploads\/2018\/01\/WhatsApp-Image-2018-01-09-at-08.29.53.jpeg\u00bb custom_css_main_element=\u00bbheight: 375px;\u00bb background_color=\u00bb#ffffff\u00bb][\/et_pb_slide][et_pb_slide use_bg_overlay=\u00bboff\u00bb use_text_overlay=\u00bboff\u00bb _builder_version=\u00bb3.0.93&#8243; background_image=\u00bbhttps:\/\/www.aventuratourvan.com\/inicio\/wp-content\/uploads\/2018\/01\/dsc05786.jpg\u00bb background_position=\u00bbcenter_right\u00bb custom_css_main_element=\u00bbheight: 375px;\u00bb background_color=\u00bb#ffffff\u00bb][\/et_pb_slide][et_pb_slide use_bg_overlay=\u00bboff\u00bb use_text_overlay=\u00bboff\u00bb _builder_version=\u00bb3.0.93&#8243; background_image=\u00bbhttps:\/\/www.aventuratourvan.com\/inicio\/wp-content\/uploads\/2018\/01\/10407928_748518981864356_5983035273866706465_n.jpg\u00bb custom_css_main_element=\u00bbheight: 375px;\u00bb background_color=\u00bb#ffffff\u00bb][\/et_pb_slide][et_pb_slide use_bg_overlay=\u00bboff\u00bb use_text_overlay=\u00bboff\u00bb _builder_version=\u00bb3.0.93&#8243; background_image=\u00bbhttps:\/\/www.aventuratourvan.com\/inicio\/wp-content\/uploads\/2018\/01\/dsc05786.jpg\u00bb background_position=\u00bbcenter_left\u00bb custom_css_main_element=\u00bbheight: 375px;\u00bb background_color=\u00bb#ffffff\u00bb][\/et_pb_slide][\/et_pb_slider][\/et_pb_column][\/et_pb_row][\/et_pb_section][et_pb_section fb_built=\u00bb1&#8243; _builder_version=\u00bb3.0.90&#8243; custom_padding=\u00bb54px|1px|21px|0px\u00bb][et_pb_row make_fullwidth=\u00bbon\u00bb _builder_version=\u00bb3.0.90&#8243;][et_pb_column type=\u00bb1_2&#8243; _builder_version=\u00bb3.0.47&#8243; parallax=\u00bboff\u00bb parallax_method=\u00bbon\u00bb][et_pb_slider _builder_version=\u00bb3.0.93&#8243; auto=\u00bbon\u00bb auto_speed=\u00bb5000&#8243; auto_ignore_hover=\u00bbon\u00bb][et_pb_slide use_bg_overlay=\u00bboff\u00bb use_text_overlay=\u00bboff\u00bb _builder_version=\u00bb3.0.93&#8243; background_image=\u00bbhttps:\/\/www.aventuratourvan.com\/inicio\/wp-content\/uploads\/2018\/01\/11100410_962705230475588_576387948_n.jpg\u00bb custom_css_main_element=\u00bbheight: 375px;\u00bb][\/et_pb_slide][et_pb_slide use_bg_overlay=\u00bboff\u00bb use_text_overlay=\u00bboff\u00bb _builder_version=\u00bb3.0.93&#8243; background_image=\u00bbhttps:\/\/www.aventuratourvan.com\/inicio\/wp-content\/uploads\/2018\/01\/14716232_1093999290649655_6944399706757113973_n.jpg\u00bb custom_css_main_element=\u00bbheight: 375px;\u00bb][\/et_pb_slide][et_pb_slide use_bg_overlay=\u00bboff\u00bb use_text_overlay=\u00bboff\u00bb _builder_version=\u00bb3.0.92&#8243; background_image=\u00bbhttps:\/\/www.aventuratourvan.com\/inicio\/wp-content\/uploads\/2018\/01\/mas00.jpg\u00bb custom_css_main_element=\u00bbheight: 375px;\u00bb][\/et_pb_slide][et_pb_slide use_bg_overlay=\u00bboff\u00bb use_text_overlay=\u00bboff\u00bb _builder_version=\u00bb3.0.93&#8243; background_image=\u00bbhttps:\/\/www.aventuratourvan.com\/inicio\/wp-content\/uploads\/2018\/01\/11406808_832883470094573_6309043346118929021_n.jpg\u00bb custom_css_main_element=\u00bbheight: 375px;\u00bb][\/et_pb_slide][\/et_pb_slider][\/et_pb_column][et_pb_column type=\u00bb1_2&#8243; _builder_version=\u00bb3.0.47&#8243; parallax=\u00bboff\u00bb parallax_method=\u00bbon\u00bb][et_pb_text _builder_version=\u00bb3.0.90&#8243; text_font=\u00bb|700||||on|||\u00bb text_font_size=\u00bb28px\u00bb text_text_color=\u00bb#e09900&#8243; text_text_shadow_style=\u00bbpreset3&#8243; text_text_shadow_horizontal_length=\u00bb0.29em\u00bb text_orientation=\u00bbcenter\u00bb]<\/p>\n<p>Misi\u00f3n<\/p>\n<p>[\/et_pb_text][et_pb_text _builder_version=\u00bb3.0.90&#8243; text_font=\u00bb||||||||\u00bb text_orientation=\u00bbjustified\u00bb]<\/p>\n<p style=\"text-align: justify;\">Brindar a nuestros usuarios un servicio completo, de la m\u00e1s alta calidad y amigable con el medio ambiente, cubriendo las expectativas y necesidades del turista, permitiendo as\u00ed, que el conocer nuestro pa\u00eds a trav\u00e9s del turismo sea una aventura inolvidable.<\/p>\n<p>[\/et_pb_text][et_pb_text _builder_version=\u00bb3.0.90&#8243; text_font=\u00bb|700||||on|||\u00bb text_font_size=\u00bb28px\u00bb text_text_color=\u00bb#e09900&#8243; text_text_shadow_style=\u00bbpreset3&#8243; text_text_shadow_horizontal_length=\u00bb0.29em\u00bb text_orientation=\u00bbcenter\u00bb]<\/p>\n<p>Visi\u00f3n<\/p>\n<p>[\/et_pb_text][et_pb_text _builder_version=\u00bb3.0.90&#8243; text_font=\u00bb||||||||\u00bb text_orientation=\u00bbjustified\u00bb]<\/p>\n<p style=\"text-align: justify;\">Llegar a ser la primera opci\u00f3n en servicio tur\u00edstico a nivel local y nacional, consagr\u00e1ndonos como una empresa ecol\u00f3gica que generando fuentes de trabajo busca que el turista local y extranjero satisfaga, en su visitaci\u00f3n, todos sus sentidos.<\/p>\n<p>[\/et_pb_text][\/et_pb_column][\/et_pb_row][\/et_pb_section][et_pb_section fb_built=\u00bb1&#8243; _builder_version=\u00bb3.0.47&#8243; custom_padding=\u00bb0px|0px|54px|0px\u00bb][et_pb_row make_fullwidth=\u00bbon\u00bb _builder_version=\u00bb3.0.90&#8243; background_size=\u00bbinitial\u00bb background_position=\u00bbtop_left\u00bb background_repeat=\u00bbrepeat\u00bb][et_pb_column type=\u00bb2_3&#8243; _builder_version=\u00bb3.0.47&#8243; parallax=\u00bboff\u00bb parallax_method=\u00bbon\u00bb][et_pb_text _builder_version=\u00bb3.0.90&#8243; text_font=\u00bb|700||||on|||\u00bb text_font_size=\u00bb28px\u00bb text_text_color=\u00bb#e09900&#8243; text_text_shadow_style=\u00bbpreset3&#8243; text_text_shadow_horizontal_length=\u00bb0.29em\u00bb text_orientation=\u00bbcenter\u00bb]<\/p>\n<p>Pol\u00edticas<\/p>\n<p>[\/et_pb_text][et_pb_text _builder_version=\u00bb3.0.90&#8243; text_font=\u00bb||||||||\u00bb text_orientation=\u00bbjustified\u00bb]<\/p>\n<p style=\"text-align: justify;\"><span style=\"font-size: large;\"><strong>Orientaci\u00f3n hacia el Servicio al Cliente<\/strong><\/span><br \/>Una permanente actitud de respeto y preocupaci\u00f3n ante los requerimientos de los clientes, internos y externos; as\u00ed como una constate investigaci\u00f3n de sus necesidades para la satisfacci\u00f3n de las mismas.<\/p>\n<p style=\"text-align: justify;\"><span style=\"font-size: large;\"><strong>Calidad en el Servicio<\/strong><\/span><br \/>B\u00fasqueda permanente de la excelencia en los procesos, productos y servicios; y una constante preocupaci\u00f3n y ejecuci\u00f3n de acciones concretas para suministrar productos y servicios que cumplan con las expectativas de los clientes en cuanto a tiempo, costo, calidad y eficiencia.<\/p>\n<p style=\"text-align: justify;\"><span style=\"font-size: large;\"><strong>Transparencia Interna y Externa<\/strong><\/span><br \/> Actuaci\u00f3n empresarial y de sus empleados en apego a la \u00e9tica, legalidad, y a la honestidad en el uso de informaci\u00f3n proporcionada a instituciones gubernamentales, clientes y accionistas.<\/p>\n<p style=\"text-align: justify;\"><span style=\"font-size: large;\"><strong>Compromiso y Responsabilidad<\/strong><\/span><br \/>Con las labores encomendadas a los empleados tanto por la gerencia como por los clientes y accionistas, el tiempo de entrega de \u00e9stas debe marcarse en la eficacia y la efectividad.<\/p>\n<p style=\"text-align: justify;\"><span style=\"font-size: large;\"><strong>Trabajo en Equipo y Aporte de Esfuerzos<\/strong><\/span><br \/>Disposici\u00f3n de esfuerzos en procura de mantener una buena imagen de la empresa, generando de esta forma aceptaci\u00f3n de la misma en el mercado; el trabajo en equipo es un factor muy importante para que las actividades sean coordinadas y los resultados sean \u00f3ptimos, alcanzando un objetivo com\u00fan.<\/p>\n<p>[\/et_pb_text][\/et_pb_column][et_pb_column type=\u00bb1_3&#8243; _builder_version=\u00bb3.0.47&#8243; parallax=\u00bboff\u00bb parallax_method=\u00bbon\u00bb][et_pb_slider _builder_version=\u00bb3.0.93&#8243;][et_pb_slide use_bg_overlay=\u00bboff\u00bb use_text_overlay=\u00bboff\u00bb _builder_version=\u00bb3.0.93&#8243; background_image=\u00bbhttps:\/\/www.aventuratourvan.com\/inicio\/wp-content\/uploads\/2018\/01\/WhatsApp-Image-2018-01-09-at-08.30.45.jpeg\u00bb custom_css_main_element=\u00bbheight: 375px;\u00bb][\/et_pb_slide][et_pb_slide use_bg_overlay=\u00bboff\u00bb use_text_overlay=\u00bboff\u00bb _builder_version=\u00bb3.0.93&#8243; background_image=\u00bbhttps:\/\/www.aventuratourvan.com\/inicio\/wp-content\/uploads\/2018\/01\/WhatsApp-Image-2018-01-09-at-08.30.35.jpeg\u00bb custom_css_main_element=\u00bbheight: 375px;\u00bb][\/et_pb_slide][et_pb_slide use_bg_overlay=\u00bboff\u00bb use_text_overlay=\u00bboff\u00bb _builder_version=\u00bb3.0.93&#8243; background_image=\u00bbhttps:\/\/www.aventuratourvan.com\/inicio\/wp-content\/uploads\/2018\/01\/20160124_162833.jpg\u00bb custom_css_main_element=\u00bbheight: 375px;\u00bb][\/et_pb_slide][et_pb_slide use_bg_overlay=\u00bboff\u00bb use_text_overlay=\u00bboff\u00bb _builder_version=\u00bb3.0.93&#8243; background_image=\u00bbhttps:\/\/www.aventuratourvan.com\/inicio\/wp-content\/uploads\/2018\/01\/1912344_669743946408527_554882619580814581_o.jpg\u00bb background_position=\u00bbcenter_right\u00bb custom_css_main_element=\u00bbheight: 375px;\u00bb][\/et_pb_slide][\/et_pb_slider][\/et_pb_column][\/et_pb_row][\/et_pb_section]<\/p>\n","protected":false},"excerpt":{"rendered":"<p>Rese\u00f1a Hist\u00f3rica Empezamos en el a\u00f1o de 1993 con el traslado de estudiantes japoneses que llegaban para aprender espa\u00f1ol y profesionalizarse en nuestro pa\u00eds, estos grupos se llamaban JICA; posteriormente trasladamos a grupos de estudiantes norteamericanos que llegaban a Cuenca a aprender el espa\u00f1ol, escogieron esta ciudad por ser\u00a0tranquila, por la calidez y cultura de [&hellip;]<\/p>\n","protected":false},"author":1,"featured_media":0,"parent":0,"menu_order":0,"comment_status":"closed","ping_status":"closed","template":"","meta":{"_et_pb_use_builder":"on","_et_pb_old_content":"","_et_gb_content_width":"","footnotes":""},"_links":{"self":[{"href":"https:\/\/www.aventuratourvan.com\/inicio\/wp-json\/wp\/v2\/pages\/264"}],"collection":[{"href":"https:\/\/www.aventuratourvan.com\/inicio\/wp-json\/wp\/v2\/pages"}],"about":[{"href":"https:\/\/www.aventuratourvan.com\/inicio\/wp-json\/wp\/v2\/types\/page"}],"author":[{"embeddable":true,"href":"https:\/\/www.aventuratourvan.com\/inicio\/wp-json\/wp\/v2\/users\/1"}],"replies":[{"embeddable":true,"href":"https:\/\/www.aventuratourvan.com\/inicio\/wp-json\/wp\/v2\/comments?post=264"}],"version-history":[{"count":9,"href":"https:\/\/www.aventuratourvan.com\/inicio\/wp-json\/wp\/v2\/pages\/264\/revisions"}],"predecessor-version":[{"id":1672,"href":"https:\/\/www.aventuratourvan.com\/inicio\/wp-json\/wp\/v2\/pages\/264\/revisions\/1672"}],"wp:attachment":[{"href":"https:\/\/www.aventuratourvan.com\/inicio\/wp-json\/wp\/v2\/media?parent=264"}],"curies":[{"name":"wp","href":"https:\/\/api.w.org\/{rel}","templated":true}]}}